{"id":398,"date":"2015-09-30T11:29:54","date_gmt":"2015-09-30T11:29:54","guid":{"rendered":"http:\/\/demo.loprd.pl\/creativa\/?page_id=398"},"modified":"2023-03-03T01:57:50","modified_gmt":"2023-03-03T01:57:50","slug":"nosotros","status":"publish","type":"page","link":"https:\/\/www.paralab.mx\/main\/nosotros\/","title":{"rendered":"Nosotros"},"content":{"rendered":"<p>[vc_row vertical_align=&#8221;middle&#8221; inner_separator_top=&#8221;0&#8243; inner_separator_bottom=&#8221;0&#8243; css=&#8221;.vc_custom_1449147386831{margin-bottom: 0px !important;}&#8221; row_height=&#8221;50vh&#8221;][vc_column css_animation=&#8221;bottom-to-top&#8221; width=&#8221;5\/12&#8243; css=&#8221;.vc_custom_1449148492749{padding-top: 100px !important;padding-bottom: 100px !important;}&#8221;][vc_column_text]<\/p>\n<h2>Creativos haciendo <span class=\"font-secondary\"><em>realidad<\/em> <\/span>hasta las <span class=\"font-secondary\"><em>ideas <\/em> <\/span>m\u00e1s complejas \ud83d\udca1<\/h2>\n<p>[\/vc_column_text][\/vc_column][vc_column css_animation=&#8221;bottom-to-top&#8221; width=&#8221;7\/12&#8243; css_animation_delay=&#8221;500&#8243; css=&#8221;.vc_custom_1449148499189{padding-top: 100px !important;padding-bottom: 100px !important;}&#8221;][vc_column_text]<\/p>\n<p class=\"single__post-subtitle\" style=\"text-align: justify;\">Somos un grupo de profesionales especializado en el dise\u00f1o de estrategias digitales centradas en el usuario. Nos enfocamos en comprender las necesidades de nuestros clientes para crear soluciones web personalizadas que cumplan con sus objetivos comerciales. Trabajamos con las \u00faltimas tecnolog\u00edas y tendencias de dise\u00f1o para asegurarnos de que tu sitio web sea moderno, seguro y f\u00e1cil de usar. Ofrecemos un enfoque completo de desarrollo web, desde la planificaci\u00f3n hasta la implementaci\u00f3n y el mantenimiento continuo de tu sitio web.<\/p>\n<p><a href=\"https:\/\/www.paralab.mx\/main\/home\/cotizador-online\/\">Cont\u00e1ctanos hoy para comenzar \u2192<\/a>[\/vc_column_text][\/vc_column][\/vc_row][vc_row full_width_content=&#8221;full-width&#8221; common_height=&#8221;true&#8221; inner_separator_top=&#8221;1&#8243; inner_separator_bottom=&#8221;0&#8243; css=&#8221;.vc_custom_1677808550647{margin-bottom: 0px !important;}&#8221;][vc_column width=&#8221;7\/12&#8243;][vc_row_inner common_height=&#8221;true&#8221; vertical_align=&#8221;middle&#8221; bg_style=&#8221;parallax&#8221; background_position=&#8221;center center&#8221; css=&#8221;.vc_custom_1596057552670{margin-right: 0px !important;margin-left: 0px !important;background-image: url(http:\/\/demo.loprd.pl\/creativa\/wp-content\/uploads\/placehold.it\/placehold.it-1920&#215;1920.gif?id=76) !important;background-position: center !important;background-repeat: no-repeat !important;background-size: cover !important;}&#8221; row_height=&#8221;50vh&#8221; bg_overlay_color=&#8221;#ea3b3b&#8221;][vc_column_inner horizontal_align=&#8221;center&#8221; vertical_align=&#8221;middle&#8221; css=&#8221;.vc_custom_1449593271728{padding-top: 100px !important;padding-bottom: 100px !important;}&#8221;][vc_column_text css_animation=&#8221;left-to-right&#8221;]<\/p>\n<h3 class=\"hero\" style=\"text-align: center;\"><span style=\"color: #ffffff;\">Eleva dram\u00e1ticamente las <span class=\"font-secondary\"><em>ventas <\/em><\/span> de tu negocio \ud83d\udcc8<\/span><\/h3>\n<p>[\/vc_column_text][\/vc_column_inner][\/vc_row_inner][vc_empty_space height=&#8221;300&#8243;][vc_column_text css=&#8221;.vc_custom_1677800877371{padding-right: 300px !important;padding-left: 300px !important;}&#8221;]<\/p>\n<p class=\"single__post-subtitle\" style=\"text-align: justify;\">Implementamos dise\u00f1o estrat\u00e9gico y campa\u00f1as avanzadas de marketing digital que pueden aumentar tu visibilidad en l\u00ednea y atraer m\u00e1s tr\u00e1fico a tu sitio web. Nuestro enfoque personalizado y centrado en el usuario puede ayudarte a llegar a tu p\u00fablico objetivo y convertir a los visitantes en clientes leales. Tambi\u00e9n ofrecemos servicios de an\u00e1lisis web para ayudarte a medir y mejorar el rendimiento de tu sitio web.<\/p>\n<p style=\"text-align: center;\"><a href=\"https:\/\/www.paralab.mx\/main\/home\/cotizador-online\/\">Solicitar una cotizaci\u00f3n \u2192<\/a><\/p>\n<p>[\/vc_column_text][vc_empty_space height=&#8221;100&#8243;][\/vc_column][vc_column width=&#8221;5\/12&#8243; css_animation_delay=&#8221;500&#8243; css=&#8221;.vc_custom_1456833363047{background-image: url(http:\/\/demo.loprd.pl\/creativa\/wp-content\/uploads\/placehold.it\/placehold.it-1920&#215;1280.gif?id=101) !important;background-position: center !important;background-repeat: no-repeat !important;background-size: cover !important;}&#8221;][vc_single_image image=&#8221;3334&#8243; img_size=&#8221;full&#8221;][\/vc_column][\/vc_row]<\/p>\n","protected":false},"excerpt":{"rendered":"<p>[vc_row vertical_align=&#8221;middle&#8221; inner_separator_top=&#8221;0&#8243; inner_separator_bottom=&#8221;0&#8243; css=&#8221;.vc_custom_1449147386831{margin-bottom: 0px !important;}&#8221; row_height=&#8221;50vh&#8221;][vc_column css_animation=&#8221;bottom-to-top&#8221; width=&#8221;5\/12&#8243; css=&#8221;.vc_custom_1449148492749{padding-top: 100px !important;padding-bottom: 100px !important;}&#8221;][vc_column_text] Creativos haciendo realidad hasta las ideas m\u00e1s complejas \ud83d\udca1 [\/vc_column_text][\/vc_column][vc_column css_animation=&#8221;bottom-to-top&#8221; width=&#8221;7\/12&#8243; css_animation_delay=&#8221;500&#8243; css=&#8221;.vc_custom_1449148499189{padding-top: 100px !important;padding-bottom: 100px !important;}&#8221;][vc_column_text] Somos un [&#8230;]<\/p>\n<p><a class=\"more-link btn btn-default btn-sm\" href=\"https:\/\/www.paralab.mx\/main\/nosotros\/\">Continue Reading<\/a><\/p>\n","protected":false},"author":1,"featured_media":0,"parent":0,"menu_order":0,"comment_status":"closed","ping_status":"closed","template":"template-full-width.php","meta":[],"_links":{"self":[{"href":"https:\/\/www.paralab.mx\/main\/wp-json\/wp\/v2\/pages\/398"}],"collection":[{"href":"https:\/\/www.paralab.mx\/main\/wp-json\/wp\/v2\/pages"}],"about":[{"href":"https:\/\/www.paralab.mx\/main\/wp-json\/wp\/v2\/types\/page"}],"author":[{"embeddable":true,"href":"https:\/\/www.paralab.mx\/main\/wp-json\/wp\/v2\/users\/1"}],"replies":[{"embeddable":true,"href":"https:\/\/www.paralab.mx\/main\/wp-json\/wp\/v2\/comments?post=398"}],"version-history":[{"count":55,"href":"https:\/\/www.paralab.mx\/main\/wp-json\/wp\/v2\/pages\/398\/revisions"}],"predecessor-version":[{"id":3339,"href":"https:\/\/www.paralab.mx\/main\/wp-json\/wp\/v2\/pages\/398\/revisions\/3339"}],"wp:attachment":[{"href":"https:\/\/www.paralab.mx\/main\/wp-json\/wp\/v2\/media?parent=398"}],"curies":[{"name":"wp","href":"https:\/\/api.w.org\/{rel}","templated":true}]}}