{"id":448,"date":"2015-09-30T15:30:19","date_gmt":"2015-09-30T15:30:19","guid":{"rendered":"http:\/\/demo.loprd.pl\/creativa\/?page_id=448"},"modified":"2023-03-03T00:44:27","modified_gmt":"2023-03-03T00:44:27","slug":"servicios","status":"publish","type":"page","link":"https:\/\/www.paralab.mx\/main\/servicios\/","title":{"rendered":"Servicios"},"content":{"rendered":"<p>[vc_row inner_separator_top=&#8221;0&#8243; inner_separator_bottom=&#8221;0&#8243; css=&#8221;.vc_custom_1677795699934{margin-bottom: 0px !important;padding-top: 100px !important;padding-bottom: 100px !important;background-color: #21c6ce !important;}&#8221;][vc_column width=&#8221;1\/4&#8243; css=&#8221;.vc_custom_1677795472345{padding-right: 30px !important;padding-left: 30px !important;}&#8221;][vc_column_text]<\/p>\n<h2 class=\"jumbo\" style=\"margin-bottom: 5px;\"><span style=\"color: #ffffff;\">01.<\/span><\/h2>\n<h5><span style=\"color: #ffffff;\">Idea<\/span><\/h5>\n<p>[\/vc_column_text][vc_column_text]<\/p>\n<p style=\"text-align: justify;\"><span style=\"color: #c4eff1;\">Tener una idea clara de lo que quieres lograr en tu p\u00e1gina web es lo m\u00e1s importante.<\/span><\/p>\n<p>[\/vc_column_text][\/vc_column][vc_column width=&#8221;1\/4&#8243; css=&#8221;.vc_custom_1677795484880{padding-right: 30px !important;padding-left: 30px !important;}&#8221;][vc_column_text]<\/p>\n<h2 class=\"jumbo\" style=\"margin-bottom: 5px;\"><span style=\"color: #ffffff;\">02.<\/span><\/h2>\n<h5><span style=\"color: #ffffff;\">Desarrollo Web<\/span><\/h5>\n<p>[\/vc_column_text][vc_column_text]<\/p>\n<p style=\"text-align: justify;\"><span style=\"color: #c4eff1;\">Dise\u00f1ar y desarrollar la p\u00e1gina web con una buena estructura y navegaci\u00f3n f\u00e1cil para el usuario.<\/span><\/p>\n<p>[\/vc_column_text][\/vc_column][vc_column width=&#8221;1\/4&#8243; css=&#8221;.vc_custom_1677795503444{padding-right: 30px !important;padding-left: 30px !important;}&#8221;][vc_column_text]<\/p>\n<h2 class=\"jumbo\" style=\"margin-bottom: 5px;\"><span style=\"color: #ffffff;\">03.<\/span><\/h2>\n<h5><span style=\"color: #ffffff;\">Monitoreo<\/span><\/h5>\n<p>[\/vc_column_text][vc_column_text]<\/p>\n<p style=\"text-align: justify;\"><span style=\"color: #c4eff1;\">Realizar pruebas y revisiones para identificar y corregir cualquier error o problema en la p\u00e1gina web.<\/span><\/p>\n<p>[\/vc_column_text][\/vc_column][vc_column width=&#8221;1\/4&#8243; css=&#8221;.vc_custom_1677795509765{padding-right: 30px !important;padding-left: 30px !important;}&#8221;][vc_column_text]<\/p>\n<h2 class=\"jumbo\" style=\"margin-bottom: 5px;\"><span style=\"color: #ffffff;\">04.<\/span><\/h2>\n<h5><span style=\"color: #ffffff;\">Crecimiento<\/span><\/h5>\n<p>[\/vc_column_text][vc_column_text]<\/p>\n<p style=\"text-align: justify;\"><span style=\"color: #c4eff1;\">Una vez lanzada la p\u00e1gina web, se promociona de manera efectiva para atraer tr\u00e1fico y aumentar la interacci\u00f3n de los usuarios.<\/span><\/p>\n<p>[\/vc_column_text][\/vc_column][\/vc_row][vc_row animated_canvas=&#8221;metaBalls&#8221; animated_canvas_color=&#8221;rgba(193,193,193,0.21)&#8221; animated_canvas_count=&#8221;6&#8243; inner_separator_top=&#8221;8&#8243; inner_separator_top_color=&#8221;#21c6ce&#8221; inner_separator_bottom=&#8221;0&#8243; css=&#8221;.vc_custom_1677795708112{margin-bottom: 0px !important;padding-top: 100px !important;padding-bottom: 100px !important;background-color: rgba(0,0,0,0.03) !important;*background-color: rgb(0,0,0) !important;}&#8221;][vc_column][vc_empty_space height=&#8221;50px&#8221;][vc_column_text css=&#8221;.vc_custom_1677793248472{margin-bottom: 50px !important;}&#8221;]<\/p>\n<h1 class=\"creativa-title\" style=\"text-align: center;\"><span style=\"color: #111111;\">Planes Anuales \ud83d\udce3 \u2014 elige el tuyo <span class=\"font-secondary\"><em>ahora<\/em><\/span>.<\/span><\/h1>\n<h2 class=\"creativa-title\" style=\"text-align: center;\"><span style=\"color: #111111;\">Para todo <\/span><span style=\"color: #111111;\"><span class=\"font-secondary\"><em>tama\u00f1o<\/em><\/span><\/span><span style=\"color: #111111;\">\u00a0de empresas \ud83c\udf31<\/span><\/h2>\n<p>[\/vc_column_text][vc_text_separator style=&#8221;wave&#8221; el_width=&#8221;small&#8221;][vc_row_inner css=&#8221;.vc_custom_1440179074951{margin-top: 100px !important;margin-bottom: 0px !important;}&#8221;][vc_column_inner width=&#8221;1\/3&#8243;][loprd_pricing_table pt_alignment=&#8221;pricing-table&#8211;side&#8221;][loprd_pricing_column title=&#8221;Dominio &amp; Hosting&#8221; price=&#8221;$2,200&#8243; billing=&#8221;\/al a\u00f1o&#8221; features_list=&#8221;1|Dominio .com o .mx,16GB|Espacio en Servidor,3|Cuentas de correo, \ud83d\udcac 24\/7|L\u00ednea de Soporte,\u2601\ufe0f 100% Cloud Based&#8221; choose_btn=&#8221;|title:Choose%20Plan|&#8221; features_list_bg=&#8221;#ffffff&#8221; price_color=&#8221;#212121&#8243;][\/loprd_pricing_table][\/vc_column_inner][vc_column_inner width=&#8221;2\/3&#8243;][loprd_pricing_table pt_alignment=&#8221;pricing-table&#8211;side&#8221;][loprd_pricing_column featured=&#8221;true&#8221; featured_text=&#8221;\u00a1Aprovecha por tiempo limitado!&#8221; title=&#8221;Desarrollo Web&#8221; price=&#8221;$6,550&#8243; billing=&#8221;\/al a\u00f1o&#8221; features_list=&#8221;5|P\u00e1ginas Din\u00e1micas,20+|Proyectos\/Portafolio,3000+|Plantillas en l\u00ednea,\ud83d\udcf1 | 100% Responsive,\ud83d\udea7 | Landing Page,\ud83d\udcdd | Formularios de Contacto,\ud83d\udcec | Correos Automatizados&#8221; choose_btn=&#8221;|title:Choose%20Plan|&#8221; features_list_bg=&#8221;#ffffff&#8221;][loprd_pricing_column title=&#8221;Ecommerce&#8221; price=&#8221;$9,990&#8243; billing=&#8221;\/al a\u00f1o&#8221; features_list=&#8221;15|P\u00e1ginas con Bases de Datos,50+|Productos a la venta,900+|Plantillas ecommerce,\ud83d\udcb3 | Cobro 100% en l\u00ednea,\ud83d\uded2 | Pedidos Automatizados,\ud83d\udce6 | Control de Inventario,\ud83d\udce9 | Newsletter&#8221; choose_btn=&#8221;|title:Choose%20Plan|&#8221; features_list_bg=&#8221;#ffffff&#8221;][\/loprd_pricing_table][vc_empty_space height=&#8221;50px&#8221;][\/vc_column_inner][\/vc_row_inner][vc_row_inner css=&#8221;.vc_custom_1440506668462{margin-top: 20px !important;margin-bottom: 50px !important;}&#8221;][vc_column_inner width=&#8221;1\/2&#8243;][vc_column_text]<\/p>\n<h5 style=\"text-align: right;\">Todos los Planes Incluyen:<\/h5>\n<p>[\/vc_column_text][\/vc_column_inner][vc_column_inner width=&#8221;1\/6&#8243;][vc_column_text]<\/p>\n<ul class=\"checked\">\n<li><span style=\"color: #999999;\">SEO Automatizado<\/span><\/li>\n<li><span style=\"color: #999999;\">Reportes mensuales<\/span><\/li>\n<li><span style=\"color: #999999;\">Blog integrado<\/span><\/li>\n<\/ul>\n<p>[\/vc_column_text][\/vc_column_inner][vc_column_inner width=&#8221;1\/6&#8243;][vc_column_text]<\/p>\n<ul class=\"checked\">\n<li><span style=\"color: #999999;\">Soporte t\u00e9cnico 24\/7<\/span><\/li>\n<li><span style=\"color: #999999;\">Informes de tr\u00e1fico<\/span><\/li>\n<li><span style=\"color: #999999;\">Respaldos cada hora<\/span><\/li>\n<\/ul>\n<p>[\/vc_column_text][\/vc_column_inner][\/vc_row_inner][\/vc_column][\/vc_row][vc_row bg_style=&#8221;parallax&#8221; background_position=&#8221;center center&#8221; inner_separator_top=&#8221;0&#8243; inner_separator_bottom=&#8221;0&#8243; css=&#8221;.vc_custom_1677795879577{margin-bottom: 0px !important;padding-top: 150px !important;padding-bottom: 150px !important;background-image: url(http:\/\/demo.loprd.pl\/creativa\/wp-content\/uploads\/placehold.it\/placehold.it-1920&#215;1920.gif?id=76) !important;background-position: center !important;background-repeat: no-repeat !important;background-size: cover !important;}&#8221; bg_overlay_color=&#8221;rgba(0,0,0,0.8)&#8221;][vc_column width=&#8221;2\/3&#8243; offset=&#8221;vc_col-lg-offset-2 vc_col-md-offset-2&#8243;][vc_column_text]<\/p>\n<h5 style=\"text-align: center;\"><span style=\"color: #ffffff;\">\u00bfQuieres Cotizar?<\/span><\/h5>\n<h2 class=\"hero\" style=\"text-align: center;\"><span style=\"color: #ffffff;\">Llena nuestro <span class=\"font-secondary\"><em>cotizador<\/em> <\/span>online<\/span><br \/>\n<span style=\"color: #ffffff;\">y genera una orden \ud83e\uddfe<\/span><\/h2>\n<p>[\/vc_column_text][vc_button2 title=&#8221;Ir al Cotizador Online&#8221; size=&#8221;btn-lg&#8221; alignment=&#8221;btn-center&#8221; link=&#8221;url:https%3A%2F%2Fwww.paralab.mx%2Fmain%2Fhome%2Fcotizador-online%2F|title:05%20Cotizador%20Online||&#8221;][\/vc_column][\/vc_row]<\/p>\n","protected":false},"excerpt":{"rendered":"<p>[vc_row inner_separator_top=&#8221;0&#8243; inner_separator_bottom=&#8221;0&#8243; css=&#8221;.vc_custom_1677795699934{margin-bottom: 0px !important;padding-top: 100px !important;padding-bottom: 100px !important;background-color: #21c6ce !important;}&#8221;][vc_column width=&#8221;1\/4&#8243; css=&#8221;.vc_custom_1677795472345{padding-right: 30px !important;padding-left: 30px !important;}&#8221;][vc_column_text] 01. Idea [\/vc_column_text][vc_column_text] Tener una idea clara de lo que quieres lograr en tu p\u00e1gina web es [&#8230;]<\/p>\n<p><a class=\"more-link btn btn-default btn-sm\" href=\"https:\/\/www.paralab.mx\/main\/servicios\/\">Continue Reading<\/a><\/p>\n","protected":false},"author":1,"featured_media":0,"parent":0,"menu_order":0,"comment_status":"closed","ping_status":"closed","template":"template-full-width.php","meta":[],"_links":{"self":[{"href":"https:\/\/www.paralab.mx\/main\/wp-json\/wp\/v2\/pages\/448"}],"collection":[{"href":"https:\/\/www.paralab.mx\/main\/wp-json\/wp\/v2\/pages"}],"about":[{"href":"https:\/\/www.paralab.mx\/main\/wp-json\/wp\/v2\/types\/page"}],"author":[{"embeddable":true,"href":"https:\/\/www.paralab.mx\/main\/wp-json\/wp\/v2\/users\/1"}],"replies":[{"embeddable":true,"href":"https:\/\/www.paralab.mx\/main\/wp-json\/wp\/v2\/comments?post=448"}],"version-history":[{"count":78,"href":"https:\/\/www.paralab.mx\/main\/wp-json\/wp\/v2\/pages\/448\/revisions"}],"predecessor-version":[{"id":3325,"href":"https:\/\/www.paralab.mx\/main\/wp-json\/wp\/v2\/pages\/448\/revisions\/3325"}],"wp:attachment":[{"href":"https:\/\/www.paralab.mx\/main\/wp-json\/wp\/v2\/media?parent=448"}],"curies":[{"name":"wp","href":"https:\/\/api.w.org\/{rel}","templated":true}]}}